{"id":40,"date":"2023-06-08T16:41:10","date_gmt":"2023-06-08T13:41:10","guid":{"rendered":"https:\/\/www.tikkakoski.fi\/?page_id=40"},"modified":"2024-04-01T19:25:50","modified_gmt":"2024-04-01T16:25:50","slug":"seurakunnat","status":"publish","type":"page","link":"https:\/\/www.tikkakoski.fi\/?page_id=40","title":{"rendered":"Seurakunnat"},"content":{"rendered":"\n<figure class=\"wp-block-image size-full\"><img loading=\"lazy\" decoding=\"async\" width=\"700\" height=\"467\" src=\"https:\/\/www.tikkakoski.fi\/wp-content\/uploads\/2023\/09\/Kirkko.jpg\" alt=\"\" class=\"wp-image-289\" srcset=\"https:\/\/www.tikkakoski.fi\/wp-content\/uploads\/2023\/09\/Kirkko.jpg 700w, https:\/\/www.tikkakoski.fi\/wp-content\/uploads\/2023\/09\/Kirkko-300x200.jpg 300w\" sizes=\"auto, (max-width: 700px) 100vw, 700px\" \/><\/figure>\n\n\n\n<p id=\"wnd_TextBlock_171478469_inner_1\"><a href=\"https:\/\/www.jyvaskylanseurakunta.fi\/tikkakosken-lahikirkkoalue\"><strong>Tikkakosken <\/strong>l\u00e4hikirkkoalue<\/a><br>Tikkakosken l\u00e4hikirkkoalue on Jyv\u00e4skyl\u00e4n seurakunnan pohjoisin osa ja se muodostuu Tikkakoskesta sek\u00e4 Nyr\u00f6l\u00e4n, Kuikan, Puuppolan ja Jylh\u00e4nper\u00e4n kylist\u00e4.<\/p>\n\n\n\n<p id=\"wnd_TextBlock_171478469_inner_2\"><a href=\"https:\/\/www.facebook.com\/tikkakoskenlahikirkkoalue\/\" data-type=\"link\" data-id=\"https:\/\/www.facebook.com\/tikkakoskenlahikirkkoalue\/\">www.facebook.com\/Tikkakosken-alueseurakunta<\/a><\/p>\n\n\n\n<p id=\"wnd_TextBlock_171478469_inner_3\">Kirkkokatu 18,&nbsp;Tikkakoski<\/p>\n\n\n\n<p id=\"wnd_TextBlock_171478469_inner_5\"><strong><a href=\"https:\/\/www.tikkakosken-helluntaisrk.net\/\" target=\"_blank\" rel=\"noreferrer noopener\">Tikkakosken helluntaiseurakunta<\/a><\/strong><\/p>\n\n\n\n<p id=\"wnd_TextBlock_171478469_inner_6\"><a href=\"http:\/\/www.facebook.com\/Tikkakoskenhelluntaiseurakunta\" target=\"_blank\" rel=\"noreferrer noopener\">www.facebook.com\/Tikkakoskenhelluntaiseurakunta<\/a><\/p>\n\n\n\n<p id=\"wnd_TextBlock_171478469_inner_7\">Koivulammenkatu 1,&nbsp;&nbsp;Tikkakoski<\/p>\n","protected":false},"excerpt":{"rendered":"<p>Tikkakosken l\u00e4hikirkkoalueTikkakosken l\u00e4hikirkkoalue on Jyv\u00e4skyl\u00e4n seurakunnan pohjoisin osa ja se muodostuu Tikkakoskesta sek\u00e4 Nyr\u00f6l\u00e4n, Kuikan, Puuppolan ja Jylh\u00e4nper\u00e4n kylist\u00e4. www.facebook.com\/Tikkakosken-alueseurakunta Kirkkokatu 18,&nbsp;Tikkakoski Tikkakosken helluntaiseurakunta www.facebook.com\/Tikkakoskenhelluntaiseurakunta Koivulammenkatu 1,&nbsp;&nbsp;Tikkakoski<\/p>\n","protected":false},"author":2,"featured_media":244,"parent":19,"menu_order":0,"comment_status":"closed","ping_status":"closed","template":"","meta":{"footnotes":""},"class_list":["post-40","page","type-page","status-publish","has-post-thumbnail"],"_links":{"self":[{"href":"https:\/\/www.tikkakoski.fi\/index.php?rest_route=\/wp\/v2\/pages\/40","targetHints":{"allow":["GET"]}}],"collection":[{"href":"https:\/\/www.tikkakoski.fi\/index.php?rest_route=\/wp\/v2\/pages"}],"about":[{"href":"https:\/\/www.tikkakoski.fi\/index.php?rest_route=\/wp\/v2\/types\/page"}],"author":[{"embeddable":true,"href":"https:\/\/www.tikkakoski.fi\/index.php?rest_route=\/wp\/v2\/users\/2"}],"replies":[{"embeddable":true,"href":"https:\/\/www.tikkakoski.fi\/index.php?rest_route=%2Fwp%2Fv2%2Fcomments&post=40"}],"version-history":[{"count":7,"href":"https:\/\/www.tikkakoski.fi\/index.php?rest_route=\/wp\/v2\/pages\/40\/revisions"}],"predecessor-version":[{"id":328,"href":"https:\/\/www.tikkakoski.fi\/index.php?rest_route=\/wp\/v2\/pages\/40\/revisions\/328"}],"up":[{"embeddable":true,"href":"https:\/\/www.tikkakoski.fi\/index.php?rest_route=\/wp\/v2\/pages\/19"}],"wp:featuredmedia":[{"embeddable":true,"href":"https:\/\/www.tikkakoski.fi\/index.php?rest_route=\/wp\/v2\/media\/244"}],"wp:attachment":[{"href":"https:\/\/www.tikkakoski.fi\/index.php?rest_route=%2Fwp%2Fv2%2Fmedia&parent=40"}],"curies":[{"name":"wp","href":"https:\/\/api.w.org\/{rel}","templated":true}]}}