{"id":36,"date":"2023-06-08T16:40:41","date_gmt":"2023-06-08T13:40:41","guid":{"rendered":"https:\/\/www.tikkakoski.fi\/?page_id=36"},"modified":"2024-04-01T19:24:51","modified_gmt":"2024-04-01T16:24:51","slug":"lahiliikunta","status":"publish","type":"page","link":"https:\/\/www.tikkakoski.fi\/?page_id=36","title":{"rendered":"L\u00e4hiliikunta"},"content":{"rendered":"\n<p>Tikkakoskella voit harrastaa liikuntaa hyvin monipuolisesti. Tikkakoskelta l\u00f6ytyy hyv\u00e4t liikuntamaastot, hyvin pidetyt ladut sek\u00e4 aktiivisia liikuntaseuroja, jotka j\u00e4rjest\u00e4v\u00e4t toimintaa vauvasta vaariin.&nbsp;<\/p>\n\n\n\n<p>Kuntosali&nbsp;<a href=\"http:\/\/motivia.fi\/\" rel=\"noreferrer noopener\" target=\"_blank\">Club Motivia<\/a><\/p>\n\n\n\n<p>Kirkkokatu 11,&nbsp; TIKKAKOSKI<br>puh: 045 8562766 (asiakaspalvelu)<br>email:&nbsp;<a rel=\"noreferrer noopener\" href=\"mailto:asiakaspalvelu@motivia.fi\" target=\"_blank\">asiakaspalvelu@motivia.fi<\/a><br><br>TIKKAKOSKEN&nbsp;VOIMISTELU- JA LIIKUNTASEURA<br><strong>TiVoLi ry<br><\/strong>tivoli.toimisto@gmail.com&nbsp;<br>puh. 040 530 7032&nbsp;<\/p>\n\n\n\n<p><a href=\"https:\/\/frisbeegolfradat.fi\/rata\/tikkakosken-frisbeegolfrata\/\" rel=\"noreferrer noopener\" target=\"_blank\">Frisbeegolfrata<\/a><\/p>\n\n\n\n<p>Radalta l\u00f6ytyy 10 vaihtelevaa ja aloittelijayst\u00e4v\u00e4llist\u00e4 v\u00e4yl\u00e4\u00e4. Maasto on miellytt\u00e4v\u00e4\u00e4 m\u00e4ntymets\u00e4\u00e4 Luonetj\u00e4rven rantamilla.&nbsp;<br><br>Kuntopolut<br>L\u00e4nsirannalla valaistu kuntopolku jossa talvella hiihtoladut. Kes\u00e4ll\u00e4 upea m\u00e4ntykangas vaihtelevalla maastolla. Matkan varrella kauniita lampia ja seitsem\u00e4n kukkulan luontopolku.<br>Matkat : 2 km, 3,3km ja 8,8km.<\/p>\n\n\n\n<p>It\u00e4rannalla samoin kuntopolku jota pitkin p\u00e4\u00e4see Peuraniemen laavulle.<br>Talvella hiihtolatu ja kes\u00e4ll\u00e4 selke\u00e4 leve\u00e4 ura.<\/p>\n\n\n\n<p><br>Luontopolku<\/p>\n\n\n\n<p>Tikkakosken luontopolku sijaitsee Seitsem\u00e4n kukkulan -ulkoilumaastossa loistavien kulkuyhteyksien p\u00e4\u00e4ss\u00e4.<\/p>\n\n\n\n<p><a href=\"https:\/\/77b95df9ec.cbaul-cdnwnd.com\/2247dc15ce02e77ce947ffab7cc18198\/200000098-6c6406c643\/Luontopolku%20pitkospuut.jpg?ph=77b95df9ec\"><\/a><\/p>\n\n\n\n<figure class=\"wp-block-image\"><a href=\"https:\/\/77b95df9ec.cbaul-cdnwnd.com\/2247dc15ce02e77ce947ffab7cc18198\/200000098-6c6406c643\/Luontopolku%20pitkospuut.jpg?ph=77b95df9ec\"><img decoding=\"async\" src=\"https:\/\/77b95df9ec.cbaul-cdnwnd.com\/2247dc15ce02e77ce947ffab7cc18198\/200000098-6c6406c643\/Luontopolku%20pitkospuut.jpg?ph=77b95df9ec\" alt=\"\"\/><\/a><\/figure>\n\n\n\n<p><a href=\"https:\/\/77b95df9ec.cbaul-cdnwnd.com\/2247dc15ce02e77ce947ffab7cc18198\/200000098-6c6406c643\/Luontopolku%20pitkospuut.jpg?ph=77b95df9ec\"><\/a><\/p>\n\n\n\n<p><a href=\"https:\/\/77b95df9ec.cbaul-cdnwnd.com\/2247dc15ce02e77ce947ffab7cc18198\/200000098-6c6406c643\/Luontopolku%20pitkospuut.jpg?ph=77b95df9ec\"><\/a><\/p>\n\n\n\n<p><a href=\"https:\/\/77b95df9ec.cbaul-cdnwnd.com\/2247dc15ce02e77ce947ffab7cc18198\/200000100-632de632e1\/Luontopolku.jpg?ph=77b95df9ec\"><\/a><\/p>\n\n\n\n<figure class=\"wp-block-image\"><a href=\"https:\/\/77b95df9ec.cbaul-cdnwnd.com\/2247dc15ce02e77ce947ffab7cc18198\/200000100-632de632e1\/Luontopolku.jpg?ph=77b95df9ec\"><img decoding=\"async\" src=\"https:\/\/77b95df9ec.cbaul-cdnwnd.com\/2247dc15ce02e77ce947ffab7cc18198\/200000100-632de632e1\/Luontopolku.jpg?ph=77b95df9ec\" alt=\"\"\/><\/a><\/figure>\n\n\n\n<p><a href=\"https:\/\/77b95df9ec.cbaul-cdnwnd.com\/2247dc15ce02e77ce947ffab7cc18198\/200000100-632de632e1\/Luontopolku.jpg?ph=77b95df9ec\"><\/a><\/p>\n\n\n\n<p><a href=\"https:\/\/77b95df9ec.cbaul-cdnwnd.com\/2247dc15ce02e77ce947ffab7cc18198\/200000100-632de632e1\/Luontopolku.jpg?ph=77b95df9ec\"><\/a><\/p>\n\n\n\n<p><a href=\"https:\/\/77b95df9ec.cbaul-cdnwnd.com\/2247dc15ce02e77ce947ffab7cc18198\/200000102-3a3a23a3a5\/Polku.jpg?ph=77b95df9ec\"><\/a><\/p>\n\n\n\n<figure class=\"wp-block-image\"><a href=\"https:\/\/77b95df9ec.cbaul-cdnwnd.com\/2247dc15ce02e77ce947ffab7cc18198\/200000102-3a3a23a3a5\/Polku.jpg?ph=77b95df9ec\"><img decoding=\"async\" src=\"https:\/\/77b95df9ec.cbaul-cdnwnd.com\/2247dc15ce02e77ce947ffab7cc18198\/200000102-3a3a23a3a5\/Polku.jpg?ph=77b95df9ec\" alt=\"\"\/><\/a><\/figure>\n\n\n\n<p><a href=\"https:\/\/77b95df9ec.cbaul-cdnwnd.com\/2247dc15ce02e77ce947ffab7cc18198\/200000102-3a3a23a3a5\/Polku.jpg?ph=77b95df9ec\"><\/a><\/p>\n\n\n\n<p><a href=\"https:\/\/77b95df9ec.cbaul-cdnwnd.com\/2247dc15ce02e77ce947ffab7cc18198\/200000102-3a3a23a3a5\/Polku.jpg?ph=77b95df9ec\"><\/a><\/p>\n\n\n\n<p id=\"wnd_TextBlock_23523_inner_0\"><strong>LAAVUT<\/strong><\/p>\n\n\n\n<p id=\"wnd_TextBlock_23523_inner_1\">Tikkakosken&nbsp;<a href=\"https:\/\/tikkakoskenlatu.fi\/laavut\/\" rel=\"noreferrer noopener\" target=\"_blank\">laavut<\/a>&nbsp;<br>Peuraniemi ja Sarpatti<br><a href=\"https:\/\/tikkakoskenlatu.fi\/laavut\/\" rel=\"noreferrer noopener\" target=\"_blank\">Linkin kautta ohjeistusta Peuraniemen laavun k\u00e4yt\u00f6st\u00e4.<\/a>&nbsp;(Tikkakosken latu)<\/p>\n\n\n\n<p id=\"wnd_TextBlock_23523_inner_2\">Nyr\u00f6l\u00e4n laavu<br>Parkkipaikka: Sikom\u00e4entie 700, 41140 Jyv\u00e4skyl\u00e4<br>Nyr\u00f6l\u00e4n polku huipentuu Seikkailujen saarelle, jonne matkataan vetolossilla yli Iso-Mustan tummien vesien. Saaressa on kaksoislaavu, tulisija, hella, huussi ja laituri. Laavulla mahtuu y\u00f6pym\u00e4\u00e4n 10 henkil\u00f6\u00e4.&nbsp;<br><a href=\"https:\/\/www.jyvaskyla.fi\/liikunta\/ulkoilu-ja-virkistys\/ulkoilureitit-ja-retkeily\" rel=\"noreferrer noopener\" target=\"_blank\">Katso t\u00e4st\u00e4 kaikki Jyv\u00e4skyl\u00e4n alueen kohteet<\/a><\/p>\n\n\n\n<figure class=\"wp-block-image\"><img decoding=\"async\" src=\"https:\/\/77b95df9ec.cbaul-cdnwnd.com\/2247dc15ce02e77ce947ffab7cc18198\/200000130-5c7f95c7fc\/koirapuisto-tikkakoski-koira-jp.jpg?ph=77b95df9ec\" alt=\"\"\/><\/figure>\n\n\n\n<p>Koirien liikuntaan iso koirapuisto L\u00e4nsirannalla.&nbsp;<br>Luonetj\u00e4rventiell\u00e4 kuntopolun ja frisbeegolf-radan vieress\u00e4.&nbsp;<br><strong><br>Tikkakosken l\u00e4hiliikuntapaikan aktiviteetit<\/strong><\/p>\n\n\n\n<p><a href=\"https:\/\/77b95df9ec.cbaul-cdnwnd.com\/2247dc15ce02e77ce947ffab7cc18198\/200000084-20a1720a1a\/Kehittyv%C3%A4_Tikkakoski_pieni-021.jpg?ph=77b95df9ec\"><\/a><\/p>\n\n\n\n<figure class=\"wp-block-image\"><a href=\"https:\/\/77b95df9ec.cbaul-cdnwnd.com\/2247dc15ce02e77ce947ffab7cc18198\/200000084-20a1720a1a\/Kehittyv%C3%A4_Tikkakoski_pieni-021.jpg?ph=77b95df9ec\"><img decoding=\"async\" src=\"https:\/\/77b95df9ec.cbaul-cdnwnd.com\/2247dc15ce02e77ce947ffab7cc18198\/200000084-20a1720a1a\/Kehittyv%C3%A4_Tikkakoski_pieni-021.jpg?ph=77b95df9ec\" alt=\"\"\/><\/a><\/figure>\n\n\n\n<p><a href=\"https:\/\/77b95df9ec.cbaul-cdnwnd.com\/2247dc15ce02e77ce947ffab7cc18198\/200000084-20a1720a1a\/Kehittyv%C3%A4_Tikkakoski_pieni-021.jpg?ph=77b95df9ec\"><\/a><\/p>\n\n\n\n<p><a href=\"https:\/\/77b95df9ec.cbaul-cdnwnd.com\/2247dc15ce02e77ce947ffab7cc18198\/200000084-20a1720a1a\/Kehittyv%C3%A4_Tikkakoski_pieni-021.jpg?ph=77b95df9ec\"><\/a><\/p>\n\n\n\n<p><a href=\"https:\/\/77b95df9ec.cbaul-cdnwnd.com\/2247dc15ce02e77ce947ffab7cc18198\/200000086-6dc086dc0b\/Kehittyv%C3%A4_Tikkakoski_pieni-024.jpg?ph=77b95df9ec\"><\/a><\/p>\n\n\n\n<figure class=\"wp-block-image\"><a href=\"https:\/\/77b95df9ec.cbaul-cdnwnd.com\/2247dc15ce02e77ce947ffab7cc18198\/200000086-6dc086dc0b\/Kehittyv%C3%A4_Tikkakoski_pieni-024.jpg?ph=77b95df9ec\"><img decoding=\"async\" src=\"https:\/\/77b95df9ec.cbaul-cdnwnd.com\/2247dc15ce02e77ce947ffab7cc18198\/200000086-6dc086dc0b\/Kehittyv%C3%A4_Tikkakoski_pieni-024.jpg?ph=77b95df9ec\" alt=\"\"\/><\/a><\/figure>\n\n\n\n<p><a href=\"https:\/\/77b95df9ec.cbaul-cdnwnd.com\/2247dc15ce02e77ce947ffab7cc18198\/200000086-6dc086dc0b\/Kehittyv%C3%A4_Tikkakoski_pieni-024.jpg?ph=77b95df9ec\"><\/a><\/p>\n\n\n\n<p><a href=\"https:\/\/77b95df9ec.cbaul-cdnwnd.com\/2247dc15ce02e77ce947ffab7cc18198\/200000086-6dc086dc0b\/Kehittyv%C3%A4_Tikkakoski_pieni-024.jpg?ph=77b95df9ec\"><\/a><\/p>\n\n\n\n<p><a href=\"https:\/\/77b95df9ec.cbaul-cdnwnd.com\/2247dc15ce02e77ce947ffab7cc18198\/200000088-2ce6e2ce71\/Kehittyv%C3%A4_Tikkakoski_pieni-036.jpg?ph=77b95df9ec\"><\/a><\/p>\n\n\n\n<figure class=\"wp-block-image\"><a href=\"https:\/\/77b95df9ec.cbaul-cdnwnd.com\/2247dc15ce02e77ce947ffab7cc18198\/200000088-2ce6e2ce71\/Kehittyv%C3%A4_Tikkakoski_pieni-036.jpg?ph=77b95df9ec\"><img decoding=\"async\" src=\"https:\/\/77b95df9ec.cbaul-cdnwnd.com\/2247dc15ce02e77ce947ffab7cc18198\/200000088-2ce6e2ce71\/Kehittyv%C3%A4_Tikkakoski_pieni-036.jpg?ph=77b95df9ec\" alt=\"\"\/><\/a><\/figure>\n\n\n\n<p><a href=\"https:\/\/77b95df9ec.cbaul-cdnwnd.com\/2247dc15ce02e77ce947ffab7cc18198\/200000088-2ce6e2ce71\/Kehittyv%C3%A4_Tikkakoski_pieni-036.jpg?ph=77b95df9ec\"><\/a><\/p>\n\n\n\n<p><a href=\"https:\/\/77b95df9ec.cbaul-cdnwnd.com\/2247dc15ce02e77ce947ffab7cc18198\/200000088-2ce6e2ce71\/Kehittyv%C3%A4_Tikkakoski_pieni-036.jpg?ph=77b95df9ec\"><\/a><\/p>\n\n\n\n<p><a href=\"https:\/\/77b95df9ec.cbaul-cdnwnd.com\/2247dc15ce02e77ce947ffab7cc18198\/200000090-717b5717b9\/Kehittyv%C3%A4_Tikkakoski_pieni-048.jpg?ph=77b95df9ec\"><\/a><\/p>\n\n\n\n<figure class=\"wp-block-image\"><a href=\"https:\/\/77b95df9ec.cbaul-cdnwnd.com\/2247dc15ce02e77ce947ffab7cc18198\/200000090-717b5717b9\/Kehittyv%C3%A4_Tikkakoski_pieni-048.jpg?ph=77b95df9ec\"><img decoding=\"async\" src=\"https:\/\/77b95df9ec.cbaul-cdnwnd.com\/2247dc15ce02e77ce947ffab7cc18198\/200000090-717b5717b9\/Kehittyv%C3%A4_Tikkakoski_pieni-048.jpg?ph=77b95df9ec\" alt=\"\"\/><\/a><\/figure>\n\n\n\n<p><a href=\"https:\/\/77b95df9ec.cbaul-cdnwnd.com\/2247dc15ce02e77ce947ffab7cc18198\/200000090-717b5717b9\/Kehittyv%C3%A4_Tikkakoski_pieni-048.jpg?ph=77b95df9ec\"><\/a><\/p>\n\n\n\n<p><a href=\"https:\/\/77b95df9ec.cbaul-cdnwnd.com\/2247dc15ce02e77ce947ffab7cc18198\/200000090-717b5717b9\/Kehittyv%C3%A4_Tikkakoski_pieni-048.jpg?ph=77b95df9ec\"><\/a><\/p>\n\n\n\n<ul class=\"wp-block-list\">\n<li>Pump Track -rata<\/li>\n\n\n\n<li>skeittiparkki<\/li>\n\n\n\n<li>Beach Volley -kentt\u00e4<\/li>\n\n\n\n<li>keinonurmijalkapallokentt\u00e4<\/li>\n\n\n\n<li>ulkokuntoilulaitteet<\/li>\n\n\n\n<li>parkour- ja kiipeilylaitteet<\/li>\n\n\n\n<li>ministadion palloiluun<\/li>\n<\/ul>\n\n\n\n<p>Lis\u00e4ksi alueella on palloiluhalli, j\u00e4\u00e4halli, hiekkakentt\u00e4 sek\u00e4 monipuoliset ulkoilureitit.<\/p>\n\n\n\n<p><a href=\"https:\/\/kartta.jkl.fi\/IMS\/?layers=Taustakartta&amp;lon=Ulkoilukartta&amp;cp=6920605,480503&amp;z=0.5&amp;title=ulkoilualue%2C%20Tikkakoski\" rel=\"noreferrer noopener\" target=\"_blank\">Liikuntapaikat kartalla<\/a><\/p>\n\n\n\n<h3 class=\"wp-block-heading\"><\/h3>\n\n\n\n<p>\u00a9 Tikkakosken kyl\u00e4yhdistys ry<\/p>\n\n\n\n<p><\/p>\n","protected":false},"excerpt":{"rendered":"<p>Tikkakoskella voit harrastaa liikuntaa hyvin monipuolisesti. Tikkakoskelta l\u00f6ytyy hyv\u00e4t liikuntamaastot, hyvin pidetyt ladut sek\u00e4 aktiivisia liikuntaseuroja, jotka j\u00e4rjest\u00e4v\u00e4t toimintaa vauvasta vaariin.&nbsp; Kuntosali&nbsp;Club Motivia Kirkkokatu 11,&nbsp; TIKKAKOSKIpuh: 045 8562766 (asiakaspalvelu)email:&nbsp;asiakaspalvelu@motivia.fi TIKKAKOSKEN&nbsp;VOIMISTELU- JA LIIKUNTASEURATiVoLi rytivoli.toimisto@gmail.com&nbsp;puh. 040 530 7032&nbsp; Frisbeegolfrata Radalta l\u00f6ytyy 10 vaihtelevaa ja aloittelijayst\u00e4v\u00e4llist\u00e4 v\u00e4yl\u00e4\u00e4. Maasto on miellytt\u00e4v\u00e4\u00e4 m\u00e4ntymets\u00e4\u00e4 Luonetj\u00e4rven rantamilla.&nbsp; KuntopolutL\u00e4nsirannalla valaistu kuntopolku jossa talvella &#8230; <a title=\"L\u00e4hiliikunta\" class=\"read-more\" href=\"https:\/\/www.tikkakoski.fi\/?page_id=36\" aria-label=\"Lue lis\u00e4\u00e4 aiheesta L\u00e4hiliikunta\">Lue lis\u00e4\u00e4<\/a><\/p>\n","protected":false},"author":2,"featured_media":244,"parent":19,"menu_order":0,"comment_status":"closed","ping_status":"closed","template":"","meta":{"footnotes":""},"class_list":["post-36","page","type-page","status-publish","has-post-thumbnail"],"_links":{"self":[{"href":"https:\/\/www.tikkakoski.fi\/index.php?rest_route=\/wp\/v2\/pages\/36","targetHints":{"allow":["GET"]}}],"collection":[{"href":"https:\/\/www.tikkakoski.fi\/index.php?rest_route=\/wp\/v2\/pages"}],"about":[{"href":"https:\/\/www.tikkakoski.fi\/index.php?rest_route=\/wp\/v2\/types\/page"}],"author":[{"embeddable":true,"href":"https:\/\/www.tikkakoski.fi\/index.php?rest_route=\/wp\/v2\/users\/2"}],"replies":[{"embeddable":true,"href":"https:\/\/www.tikkakoski.fi\/index.php?rest_route=%2Fwp%2Fv2%2Fcomments&post=36"}],"version-history":[{"count":4,"href":"https:\/\/www.tikkakoski.fi\/index.php?rest_route=\/wp\/v2\/pages\/36\/revisions"}],"predecessor-version":[{"id":241,"href":"https:\/\/www.tikkakoski.fi\/index.php?rest_route=\/wp\/v2\/pages\/36\/revisions\/241"}],"up":[{"embeddable":true,"href":"https:\/\/www.tikkakoski.fi\/index.php?rest_route=\/wp\/v2\/pages\/19"}],"wp:featuredmedia":[{"embeddable":true,"href":"https:\/\/www.tikkakoski.fi\/index.php?rest_route=\/wp\/v2\/media\/244"}],"wp:attachment":[{"href":"https:\/\/www.tikkakoski.fi\/index.php?rest_route=%2Fwp%2Fv2%2Fmedia&parent=36"}],"curies":[{"name":"wp","href":"https:\/\/api.w.org\/{rel}","templated":true}]}}