{"id":34,"date":"2023-06-08T16:40:28","date_gmt":"2023-06-08T13:40:28","guid":{"rendered":"https:\/\/www.tikkakoski.fi\/?page_id=34"},"modified":"2024-04-01T19:25:28","modified_gmt":"2024-04-01T16:25:28","slug":"senioritoiminta","status":"publish","type":"page","link":"https:\/\/www.tikkakoski.fi\/?page_id=34","title":{"rendered":"Senioritoiminta"},"content":{"rendered":"\n<p id=\"wnd_TextBlock_785525781_inner_0\">Tikkakoskella toimii useita seniori- ja el\u00e4kel\u00e4isj\u00e4rjest\u00f6j\u00e4, jotka j\u00e4rjest\u00e4v\u00e4t aktiivisesti toimintaa, matkoja sek\u00e4 yhteisi\u00e4 hetki\u00e4 muun muassa Tikkakosken Veteraanitalolla. My\u00f6s seurakunnat j\u00e4rjest\u00e4v\u00e4t aktiivisesti toimintaa senioriv\u00e4est\u00f6lle.<\/p>\n\n\n\n<p id=\"wnd_TextBlock_785525781_inner_1\"><a href=\"https:\/\/tikkakoski.elakkeensaajat.fi\/\" target=\"_blank\" rel=\"noreferrer noopener\">Tikkakosken El\u00e4kkeensaajat ry&nbsp;<\/a><br><a href=\"https:\/\/tikkakoski.senioriyhdistys.fi\/\" target=\"_blank\" rel=\"noreferrer noopener\">Tikkakosken Kansalliset Seniorit ry<\/a><br><a href=\"https:\/\/www.martat.fi\/keski-suomi\/\" target=\"_blank\" rel=\"noreferrer noopener\">Keski-Suomen Martat<\/a><br><a href=\"http:\/\/luonetjarvensotilaskoti.fi\/\" target=\"_blank\" rel=\"noreferrer noopener\">Luonetj\u00e4rven Sotilaskotiyhdistys ry<br><\/a><br class=\"\">Tikkakosken alueseurakunnan senioritoiminta<\/p>\n","protected":false},"excerpt":{"rendered":"<p>Tikkakoskella toimii useita seniori- ja el\u00e4kel\u00e4isj\u00e4rjest\u00f6j\u00e4, jotka j\u00e4rjest\u00e4v\u00e4t aktiivisesti toimintaa, matkoja sek\u00e4 yhteisi\u00e4 hetki\u00e4 muun muassa Tikkakosken Veteraanitalolla. My\u00f6s seurakunnat j\u00e4rjest\u00e4v\u00e4t aktiivisesti toimintaa senioriv\u00e4est\u00f6lle. Tikkakosken El\u00e4kkeensaajat ry&nbsp;Tikkakosken Kansalliset Seniorit ryKeski-Suomen MartatLuonetj\u00e4rven Sotilaskotiyhdistys ryTikkakosken alueseurakunnan senioritoiminta<\/p>\n","protected":false},"author":1,"featured_media":244,"parent":19,"menu_order":0,"comment_status":"closed","ping_status":"closed","template":"","meta":{"footnotes":""},"class_list":["post-34","page","type-page","status-publish","has-post-thumbnail"],"_links":{"self":[{"href":"https:\/\/www.tikkakoski.fi\/index.php?rest_route=\/wp\/v2\/pages\/34","targetHints":{"allow":["GET"]}}],"collection":[{"href":"https:\/\/www.tikkakoski.fi\/index.php?rest_route=\/wp\/v2\/pages"}],"about":[{"href":"https:\/\/www.tikkakoski.fi\/index.php?rest_route=\/wp\/v2\/types\/page"}],"author":[{"embeddable":true,"href":"https:\/\/www.tikkakoski.fi\/index.php?rest_route=\/wp\/v2\/users\/1"}],"replies":[{"embeddable":true,"href":"https:\/\/www.tikkakoski.fi\/index.php?rest_route=%2Fwp%2Fv2%2Fcomments&post=34"}],"version-history":[{"count":2,"href":"https:\/\/www.tikkakoski.fi\/index.php?rest_route=\/wp\/v2\/pages\/34\/revisions"}],"predecessor-version":[{"id":76,"href":"https:\/\/www.tikkakoski.fi\/index.php?rest_route=\/wp\/v2\/pages\/34\/revisions\/76"}],"up":[{"embeddable":true,"href":"https:\/\/www.tikkakoski.fi\/index.php?rest_route=\/wp\/v2\/pages\/19"}],"wp:featuredmedia":[{"embeddable":true,"href":"https:\/\/www.tikkakoski.fi\/index.php?rest_route=\/wp\/v2\/media\/244"}],"wp:attachment":[{"href":"https:\/\/www.tikkakoski.fi\/index.php?rest_route=%2Fwp%2Fv2%2Fmedia&parent=34"}],"curies":[{"name":"wp","href":"https:\/\/api.w.org\/{rel}","templated":true}]}}