{"id":332,"date":"2024-03-18T16:48:30","date_gmt":"2024-03-18T14:48:30","guid":{"rendered":"https:\/\/www.tikkakoski.fi\/?page_id=332"},"modified":"2026-05-04T11:43:43","modified_gmt":"2026-05-04T08:43:43","slug":"haluatko-tukea-toimintaamme","status":"publish","type":"page","link":"https:\/\/www.tikkakoski.fi\/?page_id=332","title":{"rendered":"Liity j\u00e4seneksi"},"content":{"rendered":"\n<p><\/p>\n\n\n\n<p>Teill\u00e4 on mahdollisuus tukea toimintaamme vapaaehtoisella j\u00e4senmaksulla.<br>Tarvittaessa mainostamme yrityst\u00e4nne Kyl\u00e4yhdistyksen facebook-sivuilla.&nbsp;<br>Tuemme mielell\u00e4mme paikallisia&nbsp;yritt\u00e4ji\u00e4. <br>Yhdistys toimii vapaaehtoisvoimin Tikkakosken alueella. Teemme yhteisty\u00f6t\u00e4 paikallisten yhdistysten&nbsp; ja seurojen kanssa.<\/p>\n\n\n\n<p>Pankkitiedot<\/p>\n\n\n\n<p>Tikkakosken Kyl\u00e4yhdistys Ry<br>FI 13 5290 3340 0366 41<\/p>\n\n\n\n<p>viestiksi &#8221;j\u00e4senmaksu\u00a02026&#8221;<br><br>Yritykset ja yhdistykset (isompi) 50\u20ac<br>Pienyritt\u00e4j\u00e4 ( 1 henkil\u00f6) 20\u20ac<br>Henkil\u00f6maksu: 5\u20ac ( el\u00e4kel\u00e4inen, opiskelija, ty\u00f6t\u00f6n)<br><\/p>\n\n\n\n<p>Liity j\u00e4seneksi osoitteessa <br>info.tikkakoski@gmail.com<\/p>\n\n\n\n<p class=\"has-medium-font-size\">VUODEN 2026 TIEDOSSA OLEVIA TAPAHTUMIA<br>Tikkakosken Tohinat &#8211; 16.8-23.8.2026<br>Valon Viikonloppu &#8211; 30.10.2026<br>Joulun avaus &#8211; 28.11.2026<\/p>\n\n\n\n<p class=\"has-medium-font-size\"><\/p>\n\n\n\n<p class=\"has-medium-font-size\"><\/p>\n\n\n\n<p class=\"has-medium-font-size\"><\/p>\n\n\n\n<p><br><br><\/p>\n\n\n\n<p><\/p>\n","protected":false},"excerpt":{"rendered":"<p>Teill\u00e4 on mahdollisuus tukea toimintaamme vapaaehtoisella j\u00e4senmaksulla.Tarvittaessa mainostamme yrityst\u00e4nne Kyl\u00e4yhdistyksen facebook-sivuilla.&nbsp;Tuemme mielell\u00e4mme paikallisia&nbsp;yritt\u00e4ji\u00e4. Yhdistys toimii vapaaehtoisvoimin Tikkakosken alueella. Teemme yhteisty\u00f6t\u00e4 paikallisten yhdistysten&nbsp; ja seurojen kanssa. Pankkitiedot Tikkakosken Kyl\u00e4yhdistys RyFI 13 5290 3340 0366 41 viestiksi &#8221;j\u00e4senmaksu\u00a02026&#8221; Yritykset ja yhdistykset (isompi) 50\u20acPienyritt\u00e4j\u00e4 ( 1 henkil\u00f6) 20\u20acHenkil\u00f6maksu: 5\u20ac ( el\u00e4kel\u00e4inen, opiskelija, ty\u00f6t\u00f6n) Liity j\u00e4seneksi osoitteessa info.tikkakoski@gmail.com VUODEN &#8230; <a title=\"Liity j\u00e4seneksi\" class=\"read-more\" href=\"https:\/\/www.tikkakoski.fi\/?page_id=332\" aria-label=\"Lue lis\u00e4\u00e4 aiheesta Liity j\u00e4seneksi\">Lue lis\u00e4\u00e4<\/a><\/p>\n","protected":false},"author":2,"featured_media":244,"parent":0,"menu_order":0,"comment_status":"closed","ping_status":"closed","template":"","meta":{"footnotes":""},"class_list":["post-332","page","type-page","status-publish","has-post-thumbnail"],"_links":{"self":[{"href":"https:\/\/www.tikkakoski.fi\/index.php?rest_route=\/wp\/v2\/pages\/332","targetHints":{"allow":["GET"]}}],"collection":[{"href":"https:\/\/www.tikkakoski.fi\/index.php?rest_route=\/wp\/v2\/pages"}],"about":[{"href":"https:\/\/www.tikkakoski.fi\/index.php?rest_route=\/wp\/v2\/types\/page"}],"author":[{"embeddable":true,"href":"https:\/\/www.tikkakoski.fi\/index.php?rest_route=\/wp\/v2\/users\/2"}],"replies":[{"embeddable":true,"href":"https:\/\/www.tikkakoski.fi\/index.php?rest_route=%2Fwp%2Fv2%2Fcomments&post=332"}],"version-history":[{"count":9,"href":"https:\/\/www.tikkakoski.fi\/index.php?rest_route=\/wp\/v2\/pages\/332\/revisions"}],"predecessor-version":[{"id":460,"href":"https:\/\/www.tikkakoski.fi\/index.php?rest_route=\/wp\/v2\/pages\/332\/revisions\/460"}],"wp:featuredmedia":[{"embeddable":true,"href":"https:\/\/www.tikkakoski.fi\/index.php?rest_route=\/wp\/v2\/media\/244"}],"wp:attachment":[{"href":"https:\/\/www.tikkakoski.fi\/index.php?rest_route=%2Fwp%2Fv2%2Fmedia&parent=332"}],"curies":[{"name":"wp","href":"https:\/\/api.w.org\/{rel}","templated":true}]}}