{"id":32,"date":"2023-06-08T16:40:16","date_gmt":"2023-06-08T13:40:16","guid":{"rendered":"https:\/\/www.tikkakoski.fi\/?page_id=32"},"modified":"2024-04-01T19:25:10","modified_gmt":"2024-04-01T16:25:10","slug":"nuorisotoiminta","status":"publish","type":"page","link":"https:\/\/www.tikkakoski.fi\/?page_id=32","title":{"rendered":"Nuorisotoiminta"},"content":{"rendered":"\n<p id=\"wnd_TextBlock_829444586_inner_1\"><a href=\"http:\/\/www.jyvaskylanseurakunta.fi\/tikkakosken-alueseurakunta\" target=\"_blank\" rel=\"noreferrer noopener\">Tikkakosken alueseurakunta<\/a><br>Kirkkokatu 16, 41160 Tikkakoski&nbsp;<\/p>\n\n\n\n<p id=\"wnd_TextBlock_829444586_inner_2\"><br><a href=\"https:\/\/www.jyvaskyla.fi\/kulttuuri-ja-vapaa-aika\/nuoriso\/toiminta\/toiminta-nuorisotiloilla\/tikkakosken-nuorisotila-nuotikka\" target=\"_blank\" rel=\"noreferrer noopener\">Tikkakosken nuorisotila NuoTikka<\/a><\/p>\n\n\n\n<p id=\"wnd_TextBlock_829444586_inner_3\">Nuorisotilassa voi tavata kavereita, jutella ohjaajien kanssa, pelata pelej\u00e4, kuunnella musiikkia tai vain oleilla. Joissakin nuorisotiloissa on my\u00f6s soittimia, karaokelaitteita, sek\u00e4 muita harrastev\u00e4lineit\u00e4. Nuorisotilaty\u00f6h\u00f6n sis\u00e4ltyy my\u00f6s erilaisten ryhmien kokoontumisia, kerhoja, teemap\u00e4ivi\u00e4 ja iltakahviloita.&nbsp;<\/p>\n\n\n\n<p id=\"wnd_TextBlock_829444586_inner_4\">Kirkkokatu 3, 41160 Tikkakoski<br>Nuorisonohjaajan yhteystiedot:<br>Iida Viljakainen p. 046 920 1601<br>Pia Santa p. 040 557 9072<\/p>\n\n\n\n<p id=\"wnd_TextBlock_829444586_inner_5\"><a href=\"https:\/\/www.jyvaskyla.fi\/search?query=Jyv%C3%A4skyl%C3%A4n+kaupungin+Nuorisopalvelut+\" target=\"_blank\" rel=\"noreferrer noopener\">Jyv\u00e4skyl\u00e4n kaupungin Nuorisopalvelut&nbsp;<\/a><\/p>\n\n\n\n<figure class=\"wp-block-image size-full\"><img loading=\"lazy\" decoding=\"async\" width=\"480\" height=\"227\" src=\"https:\/\/www.tikkakoski.fi\/wp-content\/uploads\/2023\/08\/Nuotikka.jpg\" alt=\"\" class=\"wp-image-245\" srcset=\"https:\/\/www.tikkakoski.fi\/wp-content\/uploads\/2023\/08\/Nuotikka.jpg 480w, https:\/\/www.tikkakoski.fi\/wp-content\/uploads\/2023\/08\/Nuotikka-300x142.jpg 300w\" sizes=\"auto, (max-width: 480px) 100vw, 480px\" \/><\/figure>\n","protected":false},"excerpt":{"rendered":"<p>Tikkakosken alueseurakuntaKirkkokatu 16, 41160 Tikkakoski&nbsp; Tikkakosken nuorisotila NuoTikka Nuorisotilassa voi tavata kavereita, jutella ohjaajien kanssa, pelata pelej\u00e4, kuunnella musiikkia tai vain oleilla. Joissakin nuorisotiloissa on my\u00f6s soittimia, karaokelaitteita, sek\u00e4 muita harrastev\u00e4lineit\u00e4. Nuorisotilaty\u00f6h\u00f6n sis\u00e4ltyy my\u00f6s erilaisten ryhmien kokoontumisia, kerhoja, teemap\u00e4ivi\u00e4 ja iltakahviloita.&nbsp; Kirkkokatu 3, 41160 TikkakoskiNuorisonohjaajan yhteystiedot:Iida Viljakainen p. 046 920 1601Pia Santa p. 040 557 &#8230; <a title=\"Nuorisotoiminta\" class=\"read-more\" href=\"https:\/\/www.tikkakoski.fi\/?page_id=32\" aria-label=\"Lue lis\u00e4\u00e4 aiheesta Nuorisotoiminta\">Lue lis\u00e4\u00e4<\/a><\/p>\n","protected":false},"author":2,"featured_media":244,"parent":19,"menu_order":0,"comment_status":"closed","ping_status":"closed","template":"","meta":{"footnotes":""},"class_list":["post-32","page","type-page","status-publish","has-post-thumbnail"],"_links":{"self":[{"href":"https:\/\/www.tikkakoski.fi\/index.php?rest_route=\/wp\/v2\/pages\/32","targetHints":{"allow":["GET"]}}],"collection":[{"href":"https:\/\/www.tikkakoski.fi\/index.php?rest_route=\/wp\/v2\/pages"}],"about":[{"href":"https:\/\/www.tikkakoski.fi\/index.php?rest_route=\/wp\/v2\/types\/page"}],"author":[{"embeddable":true,"href":"https:\/\/www.tikkakoski.fi\/index.php?rest_route=\/wp\/v2\/users\/2"}],"replies":[{"embeddable":true,"href":"https:\/\/www.tikkakoski.fi\/index.php?rest_route=%2Fwp%2Fv2%2Fcomments&post=32"}],"version-history":[{"count":3,"href":"https:\/\/www.tikkakoski.fi\/index.php?rest_route=\/wp\/v2\/pages\/32\/revisions"}],"predecessor-version":[{"id":246,"href":"https:\/\/www.tikkakoski.fi\/index.php?rest_route=\/wp\/v2\/pages\/32\/revisions\/246"}],"up":[{"embeddable":true,"href":"https:\/\/www.tikkakoski.fi\/index.php?rest_route=\/wp\/v2\/pages\/19"}],"wp:featuredmedia":[{"embeddable":true,"href":"https:\/\/www.tikkakoski.fi\/index.php?rest_route=\/wp\/v2\/media\/244"}],"wp:attachment":[{"href":"https:\/\/www.tikkakoski.fi\/index.php?rest_route=%2Fwp%2Fv2%2Fmedia&parent=32"}],"curies":[{"name":"wp","href":"https:\/\/api.w.org\/{rel}","templated":true}]}}