{"id":23,"date":"2023-06-08T15:09:10","date_gmt":"2023-06-08T12:09:10","guid":{"rendered":"https:\/\/www.tikkakoski.fi\/?page_id=23"},"modified":"2023-08-31T18:27:12","modified_gmt":"2023-08-31T15:27:12","slug":"videot","status":"publish","type":"page","link":"https:\/\/www.tikkakoski.fi\/?page_id=23","title":{"rendered":"Videot"},"content":{"rendered":"\n<p>T\u00e4ll\u00e4 sivulla on linkkej\u00e4 Tikkakoski-aiheisiin videoihin.<\/p>\n\n\n<div class=\"gb-grid-wrapper gb-grid-wrapper-04b8c45a\">\n<div class=\"gb-grid-column gb-grid-column-dfa42f4e\"><div class=\"gb-container gb-container-dfa42f4e\">\n\n<figure class=\"wp-block-embed is-type-video is-provider-youtube wp-block-embed-youtube wp-embed-aspect-16-9 wp-has-aspect-ratio\"><div class=\"wp-block-embed__wrapper\">\n<iframe loading=\"lazy\" title=\"Kyl\u00e4 Tikkakosken partaalla, osa 1\" width=\"1200\" height=\"675\" src=\"https:\/\/www.youtube.com\/embed\/6jbNNSGn784?feature=oembed\" frameborder=\"0\" allow=\"accelerometer; autoplay; clipboard-write; encrypted-media; gyroscope; picture-in-picture; web-share\" referrerpolicy=\"strict-origin-when-cross-origin\" allowfullscreen><\/iframe>\n<\/div><\/figure>\n\n<\/div><\/div>\n\n<div class=\"gb-grid-column gb-grid-column-4231a908\"><div class=\"gb-container gb-container-4231a908\">\n\n<figure class=\"wp-block-embed is-type-video is-provider-youtube wp-block-embed-youtube wp-embed-aspect-16-9 wp-has-aspect-ratio\"><div class=\"wp-block-embed__wrapper\">\n<iframe loading=\"lazy\" title=\"Kyl\u00e4 Tikkakosken partaalla, osa 2\" width=\"1200\" height=\"675\" src=\"https:\/\/www.youtube.com\/embed\/s5zpUFgEB9E?feature=oembed\" frameborder=\"0\" allow=\"accelerometer; autoplay; clipboard-write; encrypted-media; gyroscope; picture-in-picture; web-share\" referrerpolicy=\"strict-origin-when-cross-origin\" allowfullscreen><\/iframe>\n<\/div><\/figure>\n\n<\/div><\/div>\n\n<div class=\"gb-grid-column gb-grid-column-bf0213ad\"><div class=\"gb-container gb-container-bf0213ad\">\n\n<figure class=\"wp-block-embed is-type-video is-provider-youtube wp-block-embed-youtube wp-embed-aspect-16-9 wp-has-aspect-ratio\"><div class=\"wp-block-embed__wrapper\">\n<iframe loading=\"lazy\" title=\"Kyl\u00e4 Tikkakosken partaalla, osa 3\" width=\"1200\" height=\"675\" src=\"https:\/\/www.youtube.com\/embed\/yKukqJEcl9g?feature=oembed\" frameborder=\"0\" allow=\"accelerometer; autoplay; clipboard-write; encrypted-media; gyroscope; picture-in-picture; web-share\" referrerpolicy=\"strict-origin-when-cross-origin\" allowfullscreen><\/iframe>\n<\/div><\/figure>\n\n<\/div><\/div>\n\n<div class=\"gb-grid-column gb-grid-column-6d4cd373\"><div class=\"gb-container gb-container-6d4cd373\"><\/div><\/div>\n<\/div>","protected":false},"excerpt":{"rendered":"<p>T\u00e4ll\u00e4 sivulla on linkkej\u00e4 Tikkakoski-aiheisiin videoihin.<\/p>\n","protected":false},"author":1,"featured_media":0,"parent":0,"menu_order":0,"comment_status":"closed","ping_status":"closed","template":"","meta":{"footnotes":""},"class_list":["post-23","page","type-page","status-publish"],"_links":{"self":[{"href":"https:\/\/www.tikkakoski.fi\/index.php?rest_route=\/wp\/v2\/pages\/23","targetHints":{"allow":["GET"]}}],"collection":[{"href":"https:\/\/www.tikkakoski.fi\/index.php?rest_route=\/wp\/v2\/pages"}],"about":[{"href":"https:\/\/www.tikkakoski.fi\/index.php?rest_route=\/wp\/v2\/types\/page"}],"author":[{"embeddable":true,"href":"https:\/\/www.tikkakoski.fi\/index.php?rest_route=\/wp\/v2\/users\/1"}],"replies":[{"embeddable":true,"href":"https:\/\/www.tikkakoski.fi\/index.php?rest_route=%2Fwp%2Fv2%2Fcomments&post=23"}],"version-history":[{"count":3,"href":"https:\/\/www.tikkakoski.fi\/index.php?rest_route=\/wp\/v2\/pages\/23\/revisions"}],"predecessor-version":[{"id":310,"href":"https:\/\/www.tikkakoski.fi\/index.php?rest_route=\/wp\/v2\/pages\/23\/revisions\/310"}],"wp:attachment":[{"href":"https:\/\/www.tikkakoski.fi\/index.php?rest_route=%2Fwp%2Fv2%2Fmedia&parent=23"}],"curies":[{"name":"wp","href":"https:\/\/api.w.org\/{rel}","templated":true}]}}