{"id":2,"date":"2023-06-08T14:53:48","date_gmt":"2023-06-08T11:53:48","guid":{"rendered":"https:\/\/www.tikkakoski.fi\/?page_id=2"},"modified":"2024-04-01T19:22:22","modified_gmt":"2024-04-01T16:22:22","slug":"esimerkkisivu","status":"publish","type":"page","link":"https:\/\/www.tikkakoski.fi\/","title":{"rendered":""},"content":{"rendered":"\n<p><\/p>\n\n\n\n<p>Jyv\u00e4skyl\u00e4n pohjoinen keskustaajama, Tikkakoski, sijaitsee noin 20 kilometrin et\u00e4isyydell\u00e4 Jyv\u00e4skyl\u00e4n keskustasta. Joukkoliikenne yhteydet ovat hyv\u00e4t ja omalla autolla kulkee vartissa Jyv\u00e4skyl\u00e4n keskustaan.<\/p>\n\n\n\n<p>Noin 6000 asukkaan Tikkakoskelta l\u00f6ytyy monipuolisia liikuntamahdollisuuksia sek\u00e4 vire\u00e4\u00e4 ja aktiivista kyl\u00e4seuratoimintaa. Kaunis luonto on meid\u00e4n ykk\u00f6sjuttu.<\/p>\n\n\n\n<p>Asuinalueet: Kummunm\u00e4ki, Liinalampi, It\u00e4ranta, L\u00e4nsiranta, Tunnelinm\u00e4ki, Nyr\u00f6l\u00e4, Kuikka<\/p>\n\n\n\n<p>Lue lis\u00e4tietoa Jyv\u00e4skyl\u00e4n kaupungin <a href=\"https:\/\/www.jyvaskyla.fi\/asuminen-rakentaminen-ja-liikenne\/asuminen\/kotikulmat-jyvaskylan-asuinalueet\/tikkakoski\" data-type=\"URL\" data-id=\"https:\/\/www.jyvaskyla.fi\/asuminen-rakentaminen-ja-liikenne\/asuminen\/kotikulmat-jyvaskylan-asuinalueet\/tikkakoski\">nettisivuilta<\/a>.<\/p>\n\n\n\n<p><\/p>\n\n\n\n<p><\/p>\n","protected":false},"excerpt":{"rendered":"<p>Jyv\u00e4skyl\u00e4n pohjoinen keskustaajama, Tikkakoski, sijaitsee noin 20 kilometrin et\u00e4isyydell\u00e4 Jyv\u00e4skyl\u00e4n keskustasta. Joukkoliikenne yhteydet ovat hyv\u00e4t ja omalla autolla kulkee vartissa Jyv\u00e4skyl\u00e4n keskustaan. Noin 6000 asukkaan Tikkakoskelta l\u00f6ytyy monipuolisia liikuntamahdollisuuksia sek\u00e4 vire\u00e4\u00e4 ja aktiivista kyl\u00e4seuratoimintaa. Kaunis luonto on meid\u00e4n ykk\u00f6sjuttu. Asuinalueet: Kummunm\u00e4ki, Liinalampi, It\u00e4ranta, L\u00e4nsiranta, Tunnelinm\u00e4ki, Nyr\u00f6l\u00e4, Kuikka Lue lis\u00e4tietoa Jyv\u00e4skyl\u00e4n kaupungin nettisivuilta.<\/p>\n","protected":false},"author":1,"featured_media":244,"parent":0,"menu_order":0,"comment_status":"closed","ping_status":"open","template":"","meta":{"footnotes":""},"class_list":["post-2","page","type-page","status-publish","has-post-thumbnail"],"_links":{"self":[{"href":"https:\/\/www.tikkakoski.fi\/index.php?rest_route=\/wp\/v2\/pages\/2","targetHints":{"allow":["GET"]}}],"collection":[{"href":"https:\/\/www.tikkakoski.fi\/index.php?rest_route=\/wp\/v2\/pages"}],"about":[{"href":"https:\/\/www.tikkakoski.fi\/index.php?rest_route=\/wp\/v2\/types\/page"}],"author":[{"embeddable":true,"href":"https:\/\/www.tikkakoski.fi\/index.php?rest_route=\/wp\/v2\/users\/1"}],"replies":[{"embeddable":true,"href":"https:\/\/www.tikkakoski.fi\/index.php?rest_route=%2Fwp%2Fv2%2Fcomments&post=2"}],"version-history":[{"count":10,"href":"https:\/\/www.tikkakoski.fi\/index.php?rest_route=\/wp\/v2\/pages\/2\/revisions"}],"predecessor-version":[{"id":298,"href":"https:\/\/www.tikkakoski.fi\/index.php?rest_route=\/wp\/v2\/pages\/2\/revisions\/298"}],"wp:featuredmedia":[{"embeddable":true,"href":"https:\/\/www.tikkakoski.fi\/index.php?rest_route=\/wp\/v2\/media\/244"}],"wp:attachment":[{"href":"https:\/\/www.tikkakoski.fi\/index.php?rest_route=%2Fwp%2Fv2%2Fmedia&parent=2"}],"curies":[{"name":"wp","href":"https:\/\/api.w.org\/{rel}","templated":true}]}}