{"id":17,"date":"2023-06-08T15:07:47","date_gmt":"2023-06-08T12:07:47","guid":{"rendered":"https:\/\/www.tikkakoski.fi\/?page_id=17"},"modified":"2026-04-20T09:50:29","modified_gmt":"2026-04-20T06:50:29","slug":"kylayhdistys","status":"publish","type":"page","link":"https:\/\/www.tikkakoski.fi\/?page_id=17","title":{"rendered":"Kyl\u00e4yhdistys"},"content":{"rendered":"\n<p>Yhdistyksen tarkoituksena on toimia Tikkakosken alueella asukkaiden, yhdistysten, yhteis\u00f6jen ja yritysten yhteisty\u00f6kumppanina.<\/p>\n\n\n\n<p>Kerran vuodessa on vuosikokous johon kaikki ovat tervetulleita. T\u00e4ss\u00e4 kokouksessa valitaan hallitus ja k\u00e4sitell\u00e4\u00e4n muut s\u00e4\u00e4nt\u00f6jen m\u00e4\u00e4r\u00e4\u00e4m\u00e4t asiat. Valittu hallitus kokoontuu tarvittaessa suunnittelemaan kyl\u00e4n asioita ja tapahtumia.<br>Lis\u00e4ksi meill\u00e4 on erillinen ideointiryhm\u00e4, jossa ideoimme tulevia tapahtumia, jotka sitten vied\u00e4\u00e4n hallituksen k\u00e4sittelyyn.<\/p>\n\n\n\n<p>Toimimme vapaaehtoisvoimin. Tule sin\u00e4kin mukaan!<\/p>\n\n\n\n<h1 class=\"wp-block-heading\"><strong>Hallitus<\/strong> 2026<\/h1>\n\n\n\n<p>Salla Peltonen puheenjohtaja<br>Jenni Huttunen varapuheenjohtaja<br>Suna Rautavaara <br>Kai Mecklin<br>Lasse Huntus<br>Eila Pihlaja<br>Iiris Muhonen<br>Ismo Hokkanen<br>Pekka Tuunanen<br>Hannamari Laitinen<br>Mik\u00e4li sinun tarvitsee saada yhteys johonkin hallituksen j\u00e4seneen, l\u00e4het\u00e4 s\u00e4hk\u00f6posti osoitteeseen:\u00a0<a href=\"mailto:info.tikkakoski@gmail.com\">info.tikkakoski@gmail.com<\/a><\/p>\n\n\n\n<figure class=\"wp-block-image size-full is-resized\"><img loading=\"lazy\" decoding=\"async\" width=\"960\" height=\"638\" src=\"https:\/\/www.tikkakoski.fi\/wp-content\/uploads\/2023\/06\/office.jpg\" alt=\"\" class=\"wp-image-53\" style=\"width:458px;height:304px\" srcset=\"https:\/\/www.tikkakoski.fi\/wp-content\/uploads\/2023\/06\/office.jpg 960w, https:\/\/www.tikkakoski.fi\/wp-content\/uploads\/2023\/06\/office-300x199.jpg 300w, https:\/\/www.tikkakoski.fi\/wp-content\/uploads\/2023\/06\/office-768x510.jpg 768w\" sizes=\"auto, (max-width: 960px) 100vw, 960px\" \/><\/figure>\n","protected":false},"excerpt":{"rendered":"<p>Yhdistyksen tarkoituksena on toimia Tikkakosken alueella asukkaiden, yhdistysten, yhteis\u00f6jen ja yritysten yhteisty\u00f6kumppanina. Kerran vuodessa on vuosikokous johon kaikki ovat tervetulleita. T\u00e4ss\u00e4 kokouksessa valitaan hallitus ja k\u00e4sitell\u00e4\u00e4n muut s\u00e4\u00e4nt\u00f6jen m\u00e4\u00e4r\u00e4\u00e4m\u00e4t asiat. Valittu hallitus kokoontuu tarvittaessa suunnittelemaan kyl\u00e4n asioita ja tapahtumia.Lis\u00e4ksi meill\u00e4 on erillinen ideointiryhm\u00e4, jossa ideoimme tulevia tapahtumia, jotka sitten vied\u00e4\u00e4n hallituksen k\u00e4sittelyyn. Toimimme vapaaehtoisvoimin. Tule &#8230; <a title=\"Kyl\u00e4yhdistys\" class=\"read-more\" href=\"https:\/\/www.tikkakoski.fi\/?page_id=17\" aria-label=\"Lue lis\u00e4\u00e4 aiheesta Kyl\u00e4yhdistys\">Lue lis\u00e4\u00e4<\/a><\/p>\n","protected":false},"author":2,"featured_media":244,"parent":0,"menu_order":0,"comment_status":"closed","ping_status":"closed","template":"","meta":{"footnotes":""},"class_list":["post-17","page","type-page","status-publish","has-post-thumbnail"],"_links":{"self":[{"href":"https:\/\/www.tikkakoski.fi\/index.php?rest_route=\/wp\/v2\/pages\/17","targetHints":{"allow":["GET"]}}],"collection":[{"href":"https:\/\/www.tikkakoski.fi\/index.php?rest_route=\/wp\/v2\/pages"}],"about":[{"href":"https:\/\/www.tikkakoski.fi\/index.php?rest_route=\/wp\/v2\/types\/page"}],"author":[{"embeddable":true,"href":"https:\/\/www.tikkakoski.fi\/index.php?rest_route=\/wp\/v2\/users\/2"}],"replies":[{"embeddable":true,"href":"https:\/\/www.tikkakoski.fi\/index.php?rest_route=%2Fwp%2Fv2%2Fcomments&post=17"}],"version-history":[{"count":10,"href":"https:\/\/www.tikkakoski.fi\/index.php?rest_route=\/wp\/v2\/pages\/17\/revisions"}],"predecessor-version":[{"id":457,"href":"https:\/\/www.tikkakoski.fi\/index.php?rest_route=\/wp\/v2\/pages\/17\/revisions\/457"}],"wp:featuredmedia":[{"embeddable":true,"href":"https:\/\/www.tikkakoski.fi\/index.php?rest_route=\/wp\/v2\/media\/244"}],"wp:attachment":[{"href":"https:\/\/www.tikkakoski.fi\/index.php?rest_route=%2Fwp%2Fv2%2Fmedia&parent=17"}],"curies":[{"name":"wp","href":"https:\/\/api.w.org\/{rel}","templated":true}]}}